{"id":1167,"date":"2022-10-27T09:54:59","date_gmt":"2022-10-27T07:54:59","guid":{"rendered":"http:\/\/staging.kinemo.de\/?page_id=1167"},"modified":"2024-05-22T22:17:18","modified_gmt":"2024-05-22T20:17:18","slug":"impressum","status":"publish","type":"page","link":"https:\/\/kinemo.de\/en\/impressum\/","title":{"rendered":"Imprint"},"content":{"rendered":"<div data-elementor-type=\"wp-page\" data-elementor-id=\"1167\" class=\"elementor elementor-1167\" data-elementor-post-type=\"page\">\n\t\t\t\t<div class=\"elementor-element elementor-element-fe5024a e-flex e-con-boxed e-con e-parent\" data-id=\"fe5024a\" data-element_type=\"container\">\n\t\t\t\t\t<div class=\"e-con-inner\">\n\t\t\t\t<div class=\"elementor-element elementor-element-f5d4b4a elementor-widget elementor-widget-heading\" data-id=\"f5d4b4a\" data-element_type=\"widget\" data-widget_type=\"heading.default\">\n\t\t\t\t<div class=\"elementor-widget-container\">\n\t\t\t<style>\/*! elementor - v3.23.0 - 25-07-2024 *\/\n.elementor-heading-title{padding:0;margin:0;line-height:1}.elementor-widget-heading .elementor-heading-title[class*=elementor-size-]>a{color:inherit;font-size:inherit;line-height:inherit}.elementor-widget-heading .elementor-heading-title.elementor-size-small{font-size:15px}.elementor-widget-heading .elementor-heading-title.elementor-size-medium{font-size:19px}.elementor-widget-heading .elementor-heading-title.elementor-size-large{font-size:29px}.elementor-widget-heading .elementor-heading-title.elementor-size-xl{font-size:39px}.elementor-widget-heading .elementor-heading-title.elementor-size-xxl{font-size:59px}<\/style><h2 class=\"elementor-heading-title elementor-size-default\">Imprint<\/h2>\t\t<\/div>\n\t\t\t\t<\/div>\n\t\t\t\t<div class=\"elementor-element elementor-element-3470907 elementor-widget elementor-widget-text-editor\" data-id=\"3470907\" data-element_type=\"widget\" data-widget_type=\"text-editor.default\">\n\t\t\t\t<div class=\"elementor-widget-container\">\n\t\t\t<style>\/*! elementor - v3.23.0 - 25-07-2024 *\/\n.elementor-widget-text-editor.elementor-drop-cap-view-stacked .elementor-drop-cap{background-color:#69727d;color:#fff}.elementor-widget-text-editor.elementor-drop-cap-view-framed .elementor-drop-cap{color:#69727d;border:3px solid;background-color:transparent}.elementor-widget-text-editor:not(.elementor-drop-cap-view-default) .elementor-drop-cap{margin-top:8px}.elementor-widget-text-editor:not(.elementor-drop-cap-view-default) .elementor-drop-cap-letter{width:1em;height:1em}.elementor-widget-text-editor .elementor-drop-cap{float:left;text-align:center;line-height:1;font-size:50px}.elementor-widget-text-editor .elementor-drop-cap-letter{display:inline-block}<\/style>\t\t\t\t<div class=\"con-kit-quark con-kit-quark-paragraph\" data-quark=\"block\" data-font-kit-type=\"l\" data-block-key=\"8r4b3\"><div class=\"public-DraftStyleDefault-block public-DraftStyleDefault-ltr\" data-offset-key=\"8r4b3-0-0\"><p>Sercan Atesoglu<br \/>KINEMO GmbH<br \/>Heinz-Fangman-Str.2<br \/>42287 Wuppertal<br \/>Germany<br \/><br \/>Tel.: +4915205765010<br \/>E-Mail: sercan.atesoglu@kinemo.de<br \/><br \/>Umsatzsteuer-Identifikationsnummer: DE364016512<br \/><br \/>Zust\u00e4ndige Aufsichtsbeh\u00f6rde f\u00fcr das Angebot audiovisueller Mediendienste:<br \/>Landesanstalt f\u00fcr Medien Nordrhein-Westfalen (LfM NRW), Zollhof 2, 40221 D\u00fcsseldorf<br \/><br \/>Plattform der EU-Kommission zur Online-Streitbeilegung:\u00a0<a href=\"https:\/\/ec.europa.eu\/odr\" target=\"_blank\" rel=\"noopener\">https:\/\/ec.europa.eu\/odr<\/a><br \/><br \/>Wir sind zur Teilnahme an einem Streitbeilegungsverfahren vor einer Verbraucherschlichtungsstelle weder verpflichtet noch bereit.<\/p><\/div><\/div>\t\t\t\t\t\t<\/div>\n\t\t\t\t<\/div>\n\t\t\t\t\t<\/div>\n\t\t\t\t<\/div>\n\t\t\t\t<\/div>","protected":false},"excerpt":{"rendered":"<p>Impressum Sercan AtesogluKINEMO GmbHHeinz-Fangman-Str.242287 WuppertalDeutschland Tel.: +4915205765010E-Mail: sercan.atesoglu@kinemo.de Umsatzsteuer-Identifikationsnummer: DE364016512 Zust\u00e4ndige Aufsichtsbeh\u00f6rde f\u00fcr das Angebot audiovisueller Mediendienste:Landesanstalt f\u00fcr Medien Nordrhein-Westfalen (LfM NRW), Zollhof 2, 40221 D\u00fcsseldorf Plattform der EU-Kommission zur Online-Streitbeilegung:\u00a0https:\/\/ec.europa.eu\/odr Wir sind zur Teilnahme an einem Streitbeilegungsverfahren vor einer Verbraucherschlichtungsstelle weder verpflichtet noch bereit.<\/p>","protected":false},"author":1,"featured_media":0,"parent":0,"menu_order":0,"comment_status":"closed","ping_status":"closed","template":"","meta":{"footnotes":""},"class_list":["post-1167","page","type-page","status-publish","hentry"],"_links":{"self":[{"href":"https:\/\/kinemo.de\/en\/wp-json\/wp\/v2\/pages\/1167","targetHints":{"allow":["GET"]}}],"collection":[{"href":"https:\/\/kinemo.de\/en\/wp-json\/wp\/v2\/pages"}],"about":[{"href":"https:\/\/kinemo.de\/en\/wp-json\/wp\/v2\/types\/page"}],"author":[{"embeddable":true,"href":"https:\/\/kinemo.de\/en\/wp-json\/wp\/v2\/users\/1"}],"replies":[{"embeddable":true,"href":"https:\/\/kinemo.de\/en\/wp-json\/wp\/v2\/comments?post=1167"}],"version-history":[{"count":28,"href":"https:\/\/kinemo.de\/en\/wp-json\/wp\/v2\/pages\/1167\/revisions"}],"predecessor-version":[{"id":1996,"href":"https:\/\/kinemo.de\/en\/wp-json\/wp\/v2\/pages\/1167\/revisions\/1996"}],"wp:attachment":[{"href":"https:\/\/kinemo.de\/en\/wp-json\/wp\/v2\/media?parent=1167"}],"curies":[{"name":"wp","href":"https:\/\/api.w.org\/{rel}","templated":true}]}}